{"id":10630,"date":"2023-06-17T12:18:04","date_gmt":"2023-06-17T12:18:04","guid":{"rendered":"https:\/\/www.tavlit.co.il\/applications\/"},"modified":"2023-11-14T09:51:40","modified_gmt":"2023-11-14T09:51:40","slug":"applications","status":"publish","type":"page","link":"https:\/\/www.tavlit.co.il\/es\/applications\/","title":{"rendered":"Aplicaciones"},"content":{"rendered":"\n<p>El riego por microaspersi\u00f3n y rociadores es ideal en riego de \u00e1rboles frutales debido a la simplicidad del sistema y creaci\u00f3n de una amplia y desarrollada zona de radicular<\/p>\n","protected":false},"excerpt":{"rendered":"<p>El riego por microaspersi\u00f3n y rociadores es ideal en riego de \u00e1rboles frutales debido a la simplicidad del sistema y creaci\u00f3n de una amplia y desarrollada zona de radicular<\/p>\n","protected":false},"author":1,"featured_media":8367,"parent":0,"menu_order":6,"comment_status":"closed","ping_status":"closed","template":"applications.php","meta":{"footnotes":""},"categories":[],"tags":[],"class_list":["post-10630","page","type-page","status-publish","has-post-thumbnail","hentry"],"yoast_head":"<!-- This site is optimized with the Yoast SEO plugin v27.3 - https:\/\/yoast.com\/product\/yoast-seo-wordpress\/ -->\n<title>Aplicaciones - Tavlit<\/title>\n<meta name=\"robots\" content=\"index, follow, max-snippet:-1, max-image-preview:large, max-video-preview:-1\" \/>\n<link rel=\"canonical\" href=\"https:\/\/www.tavlit.co.il\/es\/applications\/\" \/>\n<meta property=\"og:locale\" content=\"es_ES\" \/>\n<meta property=\"og:type\" content=\"article\" \/>\n<meta property=\"og:title\" content=\"Aplicaciones - Tavlit\" \/>\n<meta property=\"og:description\" content=\"El riego por microaspersi\u00f3n y rociadores es ideal en riego de \u00e1rboles frutales debido a la simplicidad del sistema y creaci\u00f3n de una amplia y desarrollada zona de radicular\" \/>\n<meta property=\"og:url\" content=\"https:\/\/www.tavlit.co.il\/es\/applications\/\" \/>\n<meta property=\"og:site_name\" content=\"Tavlit\" \/>\n<meta property=\"article:publisher\" content=\"https:\/\/www.facebook.com\/PlasfitLtd\/\" \/>\n<meta property=\"article:modified_time\" content=\"2023-11-14T09:51:40+00:00\" \/>\n<meta property=\"og:image\" content=\"https:\/\/www.tavlit.co.il\/wp-content\/uploads\/2023\/06\/applications-hero.png\" \/>\n\t<meta property=\"og:image:width\" content=\"1899\" \/>\n\t<meta property=\"og:image:height\" content=\"319\" \/>\n\t<meta property=\"og:image:type\" content=\"image\/png\" \/>\n<meta name=\"twitter:card\" content=\"summary_large_image\" \/>\n<meta name=\"twitter:label1\" content=\"Tiempo de lectura\" \/>\n\t<meta name=\"twitter:data1\" content=\"1 minuto\" \/>\n<script type=\"application\/ld+json\" class=\"yoast-schema-graph\">{\"@context\":\"https:\\\/\\\/schema.org\",\"@graph\":[{\"@type\":\"WebPage\",\"@id\":\"https:\\\/\\\/www.tavlit.co.il\\\/es\\\/applications\\\/\",\"url\":\"https:\\\/\\\/www.tavlit.co.il\\\/es\\\/applications\\\/\",\"name\":\"Aplicaciones - Tavlit\",\"isPartOf\":{\"@id\":\"https:\\\/\\\/www.tavlit.co.il\\\/#website\"},\"primaryImageOfPage\":{\"@id\":\"https:\\\/\\\/www.tavlit.co.il\\\/es\\\/applications\\\/#primaryimage\"},\"image\":{\"@id\":\"https:\\\/\\\/www.tavlit.co.il\\\/es\\\/applications\\\/#primaryimage\"},\"thumbnailUrl\":\"https:\\\/\\\/www.tavlit.co.il\\\/wp-content\\\/uploads\\\/2023\\\/06\\\/applications-hero.png\",\"datePublished\":\"2023-06-17T12:18:04+00:00\",\"dateModified\":\"2023-11-14T09:51:40+00:00\",\"breadcrumb\":{\"@id\":\"https:\\\/\\\/www.tavlit.co.il\\\/es\\\/applications\\\/#breadcrumb\"},\"inLanguage\":\"es\",\"potentialAction\":[{\"@type\":\"ReadAction\",\"target\":[\"https:\\\/\\\/www.tavlit.co.il\\\/es\\\/applications\\\/\"]}]},{\"@type\":\"ImageObject\",\"inLanguage\":\"es\",\"@id\":\"https:\\\/\\\/www.tavlit.co.il\\\/es\\\/applications\\\/#primaryimage\",\"url\":\"https:\\\/\\\/www.tavlit.co.il\\\/wp-content\\\/uploads\\\/2023\\\/06\\\/applications-hero.png\",\"contentUrl\":\"https:\\\/\\\/www.tavlit.co.il\\\/wp-content\\\/uploads\\\/2023\\\/06\\\/applications-hero.png\",\"width\":1899,\"height\":319},{\"@type\":\"BreadcrumbList\",\"@id\":\"https:\\\/\\\/www.tavlit.co.il\\\/es\\\/applications\\\/#breadcrumb\",\"itemListElement\":[{\"@type\":\"ListItem\",\"position\":1,\"name\":\"Home\",\"item\":\"https:\\\/\\\/www.tavlit.co.il\\\/es\\\/\"},{\"@type\":\"ListItem\",\"position\":2,\"name\":\"Aplicaciones\"}]},{\"@type\":\"WebSite\",\"@id\":\"https:\\\/\\\/www.tavlit.co.il\\\/#website\",\"url\":\"https:\\\/\\\/www.tavlit.co.il\\\/\",\"name\":\"Tavlit\",\"description\":\"Just another WordPress site\",\"publisher\":{\"@id\":\"https:\\\/\\\/www.tavlit.co.il\\\/#organization\"},\"potentialAction\":[{\"@type\":\"SearchAction\",\"target\":{\"@type\":\"EntryPoint\",\"urlTemplate\":\"https:\\\/\\\/www.tavlit.co.il\\\/?s={search_term_string}\"},\"query-input\":{\"@type\":\"PropertyValueSpecification\",\"valueRequired\":true,\"valueName\":\"search_term_string\"}}],\"inLanguage\":\"es\"},{\"@type\":\"Organization\",\"@id\":\"https:\\\/\\\/www.tavlit.co.il\\\/#organization\",\"name\":\"Plas-Fit\",\"url\":\"https:\\\/\\\/www.tavlit.co.il\\\/\",\"logo\":{\"@type\":\"ImageObject\",\"inLanguage\":\"es\",\"@id\":\"https:\\\/\\\/www.tavlit.co.il\\\/#\\\/schema\\\/logo\\\/image\\\/\",\"url\":\"\",\"contentUrl\":\"\",\"caption\":\"Plas-Fit\"},\"image\":{\"@id\":\"https:\\\/\\\/www.tavlit.co.il\\\/#\\\/schema\\\/logo\\\/image\\\/\"},\"sameAs\":[\"https:\\\/\\\/www.facebook.com\\\/PlasfitLtd\\\/\",\"https:\\\/\\\/www.instagram.com\\\/plas_fit\\\/\",\"https:\\\/\\\/www.youtube.com\\\/channel\\\/UCOzEylF5mvQkYZj6yqSZK_A?view_as=subscriber\",\"https:\\\/\\\/www.linkedin.com\\\/company\\\/plas-fit\\\/\"]}]}<\/script>\n<!-- \/ Yoast SEO plugin. -->","yoast_head_json":{"title":"Aplicaciones - Tavlit","robots":{"index":"index","follow":"follow","max-snippet":"max-snippet:-1","max-image-preview":"max-image-preview:large","max-video-preview":"max-video-preview:-1"},"canonical":"https:\/\/www.tavlit.co.il\/es\/applications\/","og_locale":"es_ES","og_type":"article","og_title":"Aplicaciones - Tavlit","og_description":"El riego por microaspersi\u00f3n y rociadores es ideal en riego de \u00e1rboles frutales debido a la simplicidad del sistema y creaci\u00f3n de una amplia y desarrollada zona de radicular","og_url":"https:\/\/www.tavlit.co.il\/es\/applications\/","og_site_name":"Tavlit","article_publisher":"https:\/\/www.facebook.com\/PlasfitLtd\/","article_modified_time":"2023-11-14T09:51:40+00:00","og_image":[{"width":1899,"height":319,"url":"https:\/\/www.tavlit.co.il\/wp-content\/uploads\/2023\/06\/applications-hero.png","type":"image\/png"}],"twitter_card":"summary_large_image","twitter_misc":{"Tiempo de lectura":"1 minuto"},"schema":{"@context":"https:\/\/schema.org","@graph":[{"@type":"WebPage","@id":"https:\/\/www.tavlit.co.il\/es\/applications\/","url":"https:\/\/www.tavlit.co.il\/es\/applications\/","name":"Aplicaciones - Tavlit","isPartOf":{"@id":"https:\/\/www.tavlit.co.il\/#website"},"primaryImageOfPage":{"@id":"https:\/\/www.tavlit.co.il\/es\/applications\/#primaryimage"},"image":{"@id":"https:\/\/www.tavlit.co.il\/es\/applications\/#primaryimage"},"thumbnailUrl":"https:\/\/www.tavlit.co.il\/wp-content\/uploads\/2023\/06\/applications-hero.png","datePublished":"2023-06-17T12:18:04+00:00","dateModified":"2023-11-14T09:51:40+00:00","breadcrumb":{"@id":"https:\/\/www.tavlit.co.il\/es\/applications\/#breadcrumb"},"inLanguage":"es","potentialAction":[{"@type":"ReadAction","target":["https:\/\/www.tavlit.co.il\/es\/applications\/"]}]},{"@type":"ImageObject","inLanguage":"es","@id":"https:\/\/www.tavlit.co.il\/es\/applications\/#primaryimage","url":"https:\/\/www.tavlit.co.il\/wp-content\/uploads\/2023\/06\/applications-hero.png","contentUrl":"https:\/\/www.tavlit.co.il\/wp-content\/uploads\/2023\/06\/applications-hero.png","width":1899,"height":319},{"@type":"BreadcrumbList","@id":"https:\/\/www.tavlit.co.il\/es\/applications\/#breadcrumb","itemListElement":[{"@type":"ListItem","position":1,"name":"Home","item":"https:\/\/www.tavlit.co.il\/es\/"},{"@type":"ListItem","position":2,"name":"Aplicaciones"}]},{"@type":"WebSite","@id":"https:\/\/www.tavlit.co.il\/#website","url":"https:\/\/www.tavlit.co.il\/","name":"Tavlit","description":"Just another WordPress site","publisher":{"@id":"https:\/\/www.tavlit.co.il\/#organization"},"potentialAction":[{"@type":"SearchAction","target":{"@type":"EntryPoint","urlTemplate":"https:\/\/www.tavlit.co.il\/?s={search_term_string}"},"query-input":{"@type":"PropertyValueSpecification","valueRequired":true,"valueName":"search_term_string"}}],"inLanguage":"es"},{"@type":"Organization","@id":"https:\/\/www.tavlit.co.il\/#organization","name":"Plas-Fit","url":"https:\/\/www.tavlit.co.il\/","logo":{"@type":"ImageObject","inLanguage":"es","@id":"https:\/\/www.tavlit.co.il\/#\/schema\/logo\/image\/","url":"","contentUrl":"","caption":"Plas-Fit"},"image":{"@id":"https:\/\/www.tavlit.co.il\/#\/schema\/logo\/image\/"},"sameAs":["https:\/\/www.facebook.com\/PlasfitLtd\/","https:\/\/www.instagram.com\/plas_fit\/","https:\/\/www.youtube.com\/channel\/UCOzEylF5mvQkYZj6yqSZK_A?view_as=subscriber","https:\/\/www.linkedin.com\/company\/plas-fit\/"]}]}},"_links":{"self":[{"href":"https:\/\/www.tavlit.co.il\/es\/wp-json\/wp\/v2\/pages\/10630","targetHints":{"allow":["GET"]}}],"collection":[{"href":"https:\/\/www.tavlit.co.il\/es\/wp-json\/wp\/v2\/pages"}],"about":[{"href":"https:\/\/www.tavlit.co.il\/es\/wp-json\/wp\/v2\/types\/page"}],"author":[{"embeddable":true,"href":"https:\/\/www.tavlit.co.il\/es\/wp-json\/wp\/v2\/users\/1"}],"replies":[{"embeddable":true,"href":"https:\/\/www.tavlit.co.il\/es\/wp-json\/wp\/v2\/comments?post=10630"}],"version-history":[{"count":1,"href":"https:\/\/www.tavlit.co.il\/es\/wp-json\/wp\/v2\/pages\/10630\/revisions"}],"predecessor-version":[{"id":10632,"href":"https:\/\/www.tavlit.co.il\/es\/wp-json\/wp\/v2\/pages\/10630\/revisions\/10632"}],"wp:featuredmedia":[{"embeddable":true,"href":"https:\/\/www.tavlit.co.il\/es\/wp-json\/wp\/v2\/media\/8367"}],"wp:attachment":[{"href":"https:\/\/www.tavlit.co.il\/es\/wp-json\/wp\/v2\/media?parent=10630"}],"wp:term":[{"taxonomy":"category","embeddable":true,"href":"https:\/\/www.tavlit.co.il\/es\/wp-json\/wp\/v2\/categories?post=10630"},{"taxonomy":"post_tag","embeddable":true,"href":"https:\/\/www.tavlit.co.il\/es\/wp-json\/wp\/v2\/tags?post=10630"}],"curies":[{"name":"wp","href":"https:\/\/api.w.org\/{rel}","templated":true}]}}