{"id":10634,"date":"2023-06-24T11:35:29","date_gmt":"2023-06-24T11:35:29","guid":{"rendered":"https:\/\/www.tavlit.co.il\/projects\/"},"modified":"2023-11-14T09:54:01","modified_gmt":"2023-11-14T09:54:01","slug":"projects","status":"publish","type":"page","link":"https:\/\/www.tavlit.co.il\/es\/projects\/","title":{"rendered":"Proyectos"},"content":{"rendered":"\n<div class=\"wp-block-group\"><div class=\"wp-block-group__inner-container is-layout-constrained wp-block-group-is-layout-constrained\">\n<div class=\"wp-block-columns is-not-stacked-on-mobile is-layout-flex wp-container-core-columns-is-layout-9d6595d7 wp-block-columns-is-layout-flex\">\n<div class=\"wp-block-column is-vertically-aligned-center is-layout-flow wp-block-column-is-layout-flow\">\n<figure class=\"wp-block-gallery alignleft has-nested-images columns-default is-cropped wp-block-gallery-1 is-layout-flex wp-block-gallery-is-layout-flex\">\n<figure class=\"wp-block-image size-medium logo-project\"><img loading=\"lazy\" decoding=\"async\" width=\"300\" height=\"112\" data-id=\"8526\" src=\"https:\/\/tavlit.tempurl.co.il\/wp-content\/uploads\/2023\/06\/terranos-logo-300x112.png\" alt=\"\" class=\"wp-image-8526\" srcset=\"https:\/\/www.tavlit.co.il\/wp-content\/uploads\/2023\/06\/terranos-logo-300x112.png 300w, https:\/\/www.tavlit.co.il\/wp-content\/uploads\/2023\/06\/terranos-logo.png 317w\" sizes=\"auto, (max-width: 300px) 100vw, 300px\" \/><\/figure>\n<\/figure>\n<\/div>\n<\/div>\n<\/div><\/div>\n\n\n\n<p>Para responder a las consultas que recibimos sobre proyectos completos, nos asociamos con los experimentados gerentes de proyectos Avi Shani y Ran Dvir para ofrecer a trav\u00e9s de proyectos completos de Terranos.<\/p>\n\n\n\n<p>El equipo de Terranos se compromete a ejecutar sus solicitudes y necesidades y transformarlas en proyectos completos y exitosos de manera eficiente, rentable y respetuosa con el medio ambiente. El personal de Terranos ha gestionado, iniciado y asesorado en proyectos de riego, agua y filtraci\u00f3n en todo el mundo durante m\u00e1s de 30 a\u00f1os.<\/p>\n\n\n\n<p>Sitio web:&nbsp;<a href=\"https:\/\/www.terranos.co.il\/\">https:\/\/www.terranos.co.il\/<\/a><\/p>\n\n\n\n<p><\/p>\n\n\n\n<p><\/p>\n","protected":false},"excerpt":{"rendered":"<p>Para responder a las consultas que recibimos sobre proyectos completos, nos asociamos con los experimentados gerentes de proyectos Avi Shani y Ran Dvir para ofrecer a trav\u00e9s de proyectos completos de Terranos. El equipo de Terranos se compromete a ejecutar sus solicitudes y necesidades y transformarlas en proyectos completos y exitosos de manera eficiente, rentable&#8230;<\/p>\n","protected":false},"author":1,"featured_media":0,"parent":0,"menu_order":4,"comment_status":"closed","ping_status":"closed","template":"project.php","meta":{"footnotes":""},"categories":[],"tags":[],"class_list":["post-10634","page","type-page","status-publish","hentry"],"yoast_head":"<!-- This site is optimized with the Yoast SEO plugin v27.3 - https:\/\/yoast.com\/product\/yoast-seo-wordpress\/ -->\n<title>Proyectos - Tavlit<\/title>\n<meta name=\"robots\" content=\"noindex, follow\" \/>\n<meta property=\"og:locale\" content=\"es_ES\" \/>\n<meta property=\"og:type\" content=\"article\" \/>\n<meta property=\"og:title\" content=\"Proyectos - Tavlit\" \/>\n<meta property=\"og:description\" content=\"Para responder a las consultas que recibimos sobre proyectos completos, nos asociamos con los experimentados gerentes de proyectos Avi Shani y Ran Dvir para ofrecer a trav\u00e9s de proyectos completos de Terranos. El equipo de Terranos se compromete a ejecutar sus solicitudes y necesidades y transformarlas en proyectos completos y exitosos de manera eficiente, rentable...\" \/>\n<meta property=\"og:url\" content=\"https:\/\/www.tavlit.co.il\/es\/projects\/\" \/>\n<meta property=\"og:site_name\" content=\"Tavlit\" \/>\n<meta property=\"article:publisher\" content=\"https:\/\/www.facebook.com\/PlasfitLtd\/\" \/>\n<meta property=\"article:modified_time\" content=\"2023-11-14T09:54:01+00:00\" \/>\n<meta property=\"og:image\" content=\"https:\/\/tavlit.tempurl.co.il\/wp-content\/uploads\/2023\/06\/terranos-logo-300x112.png\" \/>\n<meta name=\"twitter:card\" content=\"summary_large_image\" \/>\n<meta name=\"twitter:label1\" content=\"Tiempo de lectura\" \/>\n\t<meta name=\"twitter:data1\" content=\"1 minuto\" \/>\n<script type=\"application\/ld+json\" class=\"yoast-schema-graph\">{\"@context\":\"https:\\\/\\\/schema.org\",\"@graph\":[{\"@type\":\"WebPage\",\"@id\":\"https:\\\/\\\/www.tavlit.co.il\\\/es\\\/projects\\\/\",\"url\":\"https:\\\/\\\/www.tavlit.co.il\\\/es\\\/projects\\\/\",\"name\":\"Proyectos - Tavlit\",\"isPartOf\":{\"@id\":\"https:\\\/\\\/www.tavlit.co.il\\\/#website\"},\"primaryImageOfPage\":{\"@id\":\"https:\\\/\\\/www.tavlit.co.il\\\/es\\\/projects\\\/#primaryimage\"},\"image\":{\"@id\":\"https:\\\/\\\/www.tavlit.co.il\\\/es\\\/projects\\\/#primaryimage\"},\"thumbnailUrl\":\"https:\\\/\\\/tavlit.tempurl.co.il\\\/wp-content\\\/uploads\\\/2023\\\/06\\\/terranos-logo-300x112.png\",\"datePublished\":\"2023-06-24T11:35:29+00:00\",\"dateModified\":\"2023-11-14T09:54:01+00:00\",\"breadcrumb\":{\"@id\":\"https:\\\/\\\/www.tavlit.co.il\\\/es\\\/projects\\\/#breadcrumb\"},\"inLanguage\":\"es\",\"potentialAction\":[{\"@type\":\"ReadAction\",\"target\":[\"https:\\\/\\\/www.tavlit.co.il\\\/es\\\/projects\\\/\"]}]},{\"@type\":\"ImageObject\",\"inLanguage\":\"es\",\"@id\":\"https:\\\/\\\/www.tavlit.co.il\\\/es\\\/projects\\\/#primaryimage\",\"url\":\"https:\\\/\\\/tavlit.tempurl.co.il\\\/wp-content\\\/uploads\\\/2023\\\/06\\\/terranos-logo-300x112.png\",\"contentUrl\":\"https:\\\/\\\/tavlit.tempurl.co.il\\\/wp-content\\\/uploads\\\/2023\\\/06\\\/terranos-logo-300x112.png\"},{\"@type\":\"BreadcrumbList\",\"@id\":\"https:\\\/\\\/www.tavlit.co.il\\\/es\\\/projects\\\/#breadcrumb\",\"itemListElement\":[{\"@type\":\"ListItem\",\"position\":1,\"name\":\"Home\",\"item\":\"https:\\\/\\\/www.tavlit.co.il\\\/es\\\/\"},{\"@type\":\"ListItem\",\"position\":2,\"name\":\"Proyectos\"}]},{\"@type\":\"WebSite\",\"@id\":\"https:\\\/\\\/www.tavlit.co.il\\\/#website\",\"url\":\"https:\\\/\\\/www.tavlit.co.il\\\/\",\"name\":\"Tavlit\",\"description\":\"Just another WordPress site\",\"publisher\":{\"@id\":\"https:\\\/\\\/www.tavlit.co.il\\\/#organization\"},\"potentialAction\":[{\"@type\":\"SearchAction\",\"target\":{\"@type\":\"EntryPoint\",\"urlTemplate\":\"https:\\\/\\\/www.tavlit.co.il\\\/?s={search_term_string}\"},\"query-input\":{\"@type\":\"PropertyValueSpecification\",\"valueRequired\":true,\"valueName\":\"search_term_string\"}}],\"inLanguage\":\"es\"},{\"@type\":\"Organization\",\"@id\":\"https:\\\/\\\/www.tavlit.co.il\\\/#organization\",\"name\":\"Plas-Fit\",\"url\":\"https:\\\/\\\/www.tavlit.co.il\\\/\",\"logo\":{\"@type\":\"ImageObject\",\"inLanguage\":\"es\",\"@id\":\"https:\\\/\\\/www.tavlit.co.il\\\/#\\\/schema\\\/logo\\\/image\\\/\",\"url\":\"\",\"contentUrl\":\"\",\"caption\":\"Plas-Fit\"},\"image\":{\"@id\":\"https:\\\/\\\/www.tavlit.co.il\\\/#\\\/schema\\\/logo\\\/image\\\/\"},\"sameAs\":[\"https:\\\/\\\/www.facebook.com\\\/PlasfitLtd\\\/\",\"https:\\\/\\\/www.instagram.com\\\/plas_fit\\\/\",\"https:\\\/\\\/www.youtube.com\\\/channel\\\/UCOzEylF5mvQkYZj6yqSZK_A?view_as=subscriber\",\"https:\\\/\\\/www.linkedin.com\\\/company\\\/plas-fit\\\/\"]}]}<\/script>\n<!-- \/ Yoast SEO plugin. -->","yoast_head_json":{"title":"Proyectos - Tavlit","robots":{"index":"noindex","follow":"follow"},"og_locale":"es_ES","og_type":"article","og_title":"Proyectos - Tavlit","og_description":"Para responder a las consultas que recibimos sobre proyectos completos, nos asociamos con los experimentados gerentes de proyectos Avi Shani y Ran Dvir para ofrecer a trav\u00e9s de proyectos completos de Terranos. El equipo de Terranos se compromete a ejecutar sus solicitudes y necesidades y transformarlas en proyectos completos y exitosos de manera eficiente, rentable...","og_url":"https:\/\/www.tavlit.co.il\/es\/projects\/","og_site_name":"Tavlit","article_publisher":"https:\/\/www.facebook.com\/PlasfitLtd\/","article_modified_time":"2023-11-14T09:54:01+00:00","og_image":[{"url":"https:\/\/tavlit.tempurl.co.il\/wp-content\/uploads\/2023\/06\/terranos-logo-300x112.png","type":"","width":"","height":""}],"twitter_card":"summary_large_image","twitter_misc":{"Tiempo de lectura":"1 minuto"},"schema":{"@context":"https:\/\/schema.org","@graph":[{"@type":"WebPage","@id":"https:\/\/www.tavlit.co.il\/es\/projects\/","url":"https:\/\/www.tavlit.co.il\/es\/projects\/","name":"Proyectos - Tavlit","isPartOf":{"@id":"https:\/\/www.tavlit.co.il\/#website"},"primaryImageOfPage":{"@id":"https:\/\/www.tavlit.co.il\/es\/projects\/#primaryimage"},"image":{"@id":"https:\/\/www.tavlit.co.il\/es\/projects\/#primaryimage"},"thumbnailUrl":"https:\/\/tavlit.tempurl.co.il\/wp-content\/uploads\/2023\/06\/terranos-logo-300x112.png","datePublished":"2023-06-24T11:35:29+00:00","dateModified":"2023-11-14T09:54:01+00:00","breadcrumb":{"@id":"https:\/\/www.tavlit.co.il\/es\/projects\/#breadcrumb"},"inLanguage":"es","potentialAction":[{"@type":"ReadAction","target":["https:\/\/www.tavlit.co.il\/es\/projects\/"]}]},{"@type":"ImageObject","inLanguage":"es","@id":"https:\/\/www.tavlit.co.il\/es\/projects\/#primaryimage","url":"https:\/\/tavlit.tempurl.co.il\/wp-content\/uploads\/2023\/06\/terranos-logo-300x112.png","contentUrl":"https:\/\/tavlit.tempurl.co.il\/wp-content\/uploads\/2023\/06\/terranos-logo-300x112.png"},{"@type":"BreadcrumbList","@id":"https:\/\/www.tavlit.co.il\/es\/projects\/#breadcrumb","itemListElement":[{"@type":"ListItem","position":1,"name":"Home","item":"https:\/\/www.tavlit.co.il\/es\/"},{"@type":"ListItem","position":2,"name":"Proyectos"}]},{"@type":"WebSite","@id":"https:\/\/www.tavlit.co.il\/#website","url":"https:\/\/www.tavlit.co.il\/","name":"Tavlit","description":"Just another WordPress site","publisher":{"@id":"https:\/\/www.tavlit.co.il\/#organization"},"potentialAction":[{"@type":"SearchAction","target":{"@type":"EntryPoint","urlTemplate":"https:\/\/www.tavlit.co.il\/?s={search_term_string}"},"query-input":{"@type":"PropertyValueSpecification","valueRequired":true,"valueName":"search_term_string"}}],"inLanguage":"es"},{"@type":"Organization","@id":"https:\/\/www.tavlit.co.il\/#organization","name":"Plas-Fit","url":"https:\/\/www.tavlit.co.il\/","logo":{"@type":"ImageObject","inLanguage":"es","@id":"https:\/\/www.tavlit.co.il\/#\/schema\/logo\/image\/","url":"","contentUrl":"","caption":"Plas-Fit"},"image":{"@id":"https:\/\/www.tavlit.co.il\/#\/schema\/logo\/image\/"},"sameAs":["https:\/\/www.facebook.com\/PlasfitLtd\/","https:\/\/www.instagram.com\/plas_fit\/","https:\/\/www.youtube.com\/channel\/UCOzEylF5mvQkYZj6yqSZK_A?view_as=subscriber","https:\/\/www.linkedin.com\/company\/plas-fit\/"]}]}},"_links":{"self":[{"href":"https:\/\/www.tavlit.co.il\/es\/wp-json\/wp\/v2\/pages\/10634","targetHints":{"allow":["GET"]}}],"collection":[{"href":"https:\/\/www.tavlit.co.il\/es\/wp-json\/wp\/v2\/pages"}],"about":[{"href":"https:\/\/www.tavlit.co.il\/es\/wp-json\/wp\/v2\/types\/page"}],"author":[{"embeddable":true,"href":"https:\/\/www.tavlit.co.il\/es\/wp-json\/wp\/v2\/users\/1"}],"replies":[{"embeddable":true,"href":"https:\/\/www.tavlit.co.il\/es\/wp-json\/wp\/v2\/comments?post=10634"}],"version-history":[{"count":2,"href":"https:\/\/www.tavlit.co.il\/es\/wp-json\/wp\/v2\/pages\/10634\/revisions"}],"predecessor-version":[{"id":10636,"href":"https:\/\/www.tavlit.co.il\/es\/wp-json\/wp\/v2\/pages\/10634\/revisions\/10636"}],"wp:attachment":[{"href":"https:\/\/www.tavlit.co.il\/es\/wp-json\/wp\/v2\/media?parent=10634"}],"wp:term":[{"taxonomy":"category","embeddable":true,"href":"https:\/\/www.tavlit.co.il\/es\/wp-json\/wp\/v2\/categories?post=10634"},{"taxonomy":"post_tag","embeddable":true,"href":"https:\/\/www.tavlit.co.il\/es\/wp-json\/wp\/v2\/tags?post=10634"}],"curies":[{"name":"wp","href":"https:\/\/api.w.org\/{rel}","templated":true}]}}