{"id":9762,"date":"2022-07-22T03:27:22","date_gmt":"2022-07-22T03:27:22","guid":{"rendered":"http:\/\/tavlit.tempurl.co.il\/?page_id=9762"},"modified":"2024-01-08T09:35:28","modified_gmt":"2024-01-08T09:35:28","slug":"about-tavlit","status":"publish","type":"page","link":"https:\/\/www.tavlit.co.il\/es\/about-tavlit\/","title":{"rendered":"Acerca de Tavlit"},"content":{"rendered":"\n<p>Plas \u2013 Fit es una compa\u00f1\u00eda que siempre piensa con originalidad, ama los desaf\u00edos, es modesta y determinada, con una profunda historia y amplio conocimiento de pl\u00e1sticos. La historia de Plassim Fittings se remonta a 1960 en el Kibutz Merhavia, donde se fund\u00f3 la compa\u00f1\u00eda que produc\u00eda tuber\u00eda para agricultura y que poco a poco incursion\u00f3 en el campo de los adaptadores. Esta experiencia combinada representa muchas d\u00e9cadas de conocimiento de agricultura y una conexi\u00f3n real con el campo.<\/p>\n\n\n\n<p>La historia de Friedrich Molds comienza con el se\u00f1or Israel Friedrich, uno de los pioneros y fundadores de la industria del pl\u00e1stico en Israel, quien inicio la compa\u00f1\u00eda (Friedrich Molds) en 1978 dedicada a pl\u00e1sticos y moldes para pl\u00e1stico. Las fuerzas conjuntas de Friedrich Molds y Plassim Fittings llevaron a la creaci\u00f3n de Plas&nbsp; \u0336&nbsp; Fit, una compa\u00f1\u00eda innovadora y de vanguardia que combina conocimiento profundo del pl\u00e1stico de m\u00e1s de 40 a\u00f1os con 60 a\u00f1os de conocimiento profundo de soluciones de riego y comunicaci\u00f3n.<\/p>\n\n\n\n<p>La familia Nahmias fund\u00f3 Tavlit en 1971, en la cual se conjuntan la tradici\u00f3n de calidad, servicio, compromiso personal y responsabilidad con la aspiraci\u00f3n de combinar nuevas tecnolog\u00edas, innovaci\u00f3n y desarrollo de productos novedosos para dar un mejor servicio a nuestros clientes.<\/p>\n\n\n\n<p>Durante 50 a\u00f1os, Tavlit ha suministrado productos innovadores de alta calidad a las principales compa\u00f1\u00edas de riego y compa\u00f1\u00edas internacionales que operan en la industria del agua y cadenas de tiendas \u201cDIY o h\u00e1galo usted mismo\u201d en m\u00e1s de 75 pa\u00edses.<\/p>\n\n\n\n<p>En 2022, Plas&nbsp; \u0336&nbsp; Fit and Tavlit se fusionaron en una sola compa\u00f1\u00eda y en conjunto ofrecen una amplia variedad de productos de calidad, entre ellos:<\/p>\n\n\n\n<ul class=\"wp-block-list\">\n<li>Filtros de alta calidad, innovadores y protegidos por patentes; filtros manuales, filtros de malla y filtros semiautom\u00e1ticos y autom\u00e1ticos de disco<\/li>\n\n\n\n<li>Una amplia variedad de adaptadores y conectores para tuber\u00edas para las \u00e1reas de agricultura, jardiner\u00eda, infraestructura y telecomunicaciones<\/li>\n\n\n\n<li>Una gama completa de aspersores, atomizadores y microaspersores<\/li>\n<\/ul>\n\n\n\n<p>La fusi\u00f3n de la compa\u00f1\u00eda ha dado como resultado el c\u00famulo de m\u00e1s de 120 a\u00f1os de conocimientos profesionales de pl\u00e1sticos, riego y agricultura, as\u00ed como el desarrollo y dise\u00f1o de productos para la industria del agua y la familiaridad y profunda conexi\u00f3n con el campo. Consideramos que es importante hacer lo que amamos y amar lo que hacemos, de tal manera que elegimos a nuestros empleados de manera cuidadosa para crear una compa\u00f1\u00eda innovadora, de vanguardia, conectada con nuestros clientes y colegas, una compa\u00f1\u00eda en la que sea divertido trabajar en ella y con ella.<\/p>\n\n\n\n<p>Creemos en la innovaci\u00f3n como modo de vida y consideramos que una conexi\u00f3n real con nuestros clientes y con el campo hace que la instalaci\u00f3n de nuestros productos sea innovadora, confiable, r\u00e1pida y f\u00e1cil. Como parte central de nuestros valores fundamentales y comprensi\u00f3n profunda de que cada cliente es un mundo completo con diferentes necesidades, brindamos un servicio flexible y personal que se deriva de un sentido de misi\u00f3n.<\/p>\n\n\n\n<p>Estamos aqu\u00ed para desarrollar el siguiente producto que le proporcionar\u00e1 la tranquilidad y confianza y para crear soluciones sencillas y r\u00e1pidas que har\u00e1n m\u00e1s eficiente su trabajo. Creemos que merece trabajar con la m\u00e1s altas calidad, de manera simple, sin preocupaciones, porque sabemos que el tiempo es uno de los recursos m\u00e1s valiosos.<\/p>\n\n\n\n<p><strong>\u00a1Estamos conectados con su \u00e9xito!<\/strong><strong><\/strong><\/p>\n","protected":false},"excerpt":{"rendered":"<p>Plas \u2013 Fit es una compa\u00f1\u00eda que siempre piensa con originalidad, ama los desaf\u00edos, es modesta y determinada, con una profunda historia y amplio conocimiento de pl\u00e1sticos. La historia de Plassim Fittings se remonta a 1960 en el Kibutz Merhavia, donde se fund\u00f3 la compa\u00f1\u00eda que produc\u00eda tuber\u00eda para agricultura y que poco a poco&#8230;<\/p>\n","protected":false},"author":3,"featured_media":6357,"parent":0,"menu_order":12,"comment_status":"closed","ping_status":"closed","template":"","meta":{"footnotes":""},"categories":[],"tags":[],"class_list":["post-9762","page","type-page","status-publish","has-post-thumbnail","hentry"],"yoast_head":"<!-- This site is optimized with the Yoast SEO plugin v27.3 - https:\/\/yoast.com\/product\/yoast-seo-wordpress\/ -->\n<title>Acerca de Tavlit - Tavlit<\/title>\n<meta name=\"robots\" content=\"index, follow, max-snippet:-1, max-image-preview:large, max-video-preview:-1\" \/>\n<link rel=\"canonical\" href=\"https:\/\/www.tavlit.co.il\/es\/about-tavlit\/\" \/>\n<meta property=\"og:locale\" content=\"es_ES\" \/>\n<meta property=\"og:type\" content=\"article\" \/>\n<meta property=\"og:title\" content=\"Acerca de Tavlit - Tavlit\" \/>\n<meta property=\"og:description\" content=\"Plas \u2013 Fit es una compa\u00f1\u00eda que siempre piensa con originalidad, ama los desaf\u00edos, es modesta y determinada, con una profunda historia y amplio conocimiento de pl\u00e1sticos. La historia de Plassim Fittings se remonta a 1960 en el Kibutz Merhavia, donde se fund\u00f3 la compa\u00f1\u00eda que produc\u00eda tuber\u00eda para agricultura y que poco a poco...\" \/>\n<meta property=\"og:url\" content=\"https:\/\/www.tavlit.co.il\/es\/about-tavlit\/\" \/>\n<meta property=\"og:site_name\" content=\"Tavlit\" \/>\n<meta property=\"article:publisher\" content=\"https:\/\/www.facebook.com\/PlasfitLtd\/\" \/>\n<meta property=\"article:modified_time\" content=\"2024-01-08T09:35:28+00:00\" \/>\n<meta property=\"og:image\" content=\"https:\/\/www.tavlit.co.il\/wp-content\/uploads\/2022\/09\/about.jpg\" \/>\n\t<meta property=\"og:image:width\" content=\"970\" \/>\n\t<meta property=\"og:image:height\" content=\"318\" \/>\n\t<meta property=\"og:image:type\" content=\"image\/jpeg\" \/>\n<meta name=\"twitter:card\" content=\"summary_large_image\" \/>\n<meta name=\"twitter:label1\" content=\"Tiempo de lectura\" \/>\n\t<meta name=\"twitter:data1\" content=\"3 minutos\" \/>\n<script type=\"application\/ld+json\" class=\"yoast-schema-graph\">{\"@context\":\"https:\\\/\\\/schema.org\",\"@graph\":[{\"@type\":\"WebPage\",\"@id\":\"https:\\\/\\\/www.tavlit.co.il\\\/es\\\/about-tavlit\\\/\",\"url\":\"https:\\\/\\\/www.tavlit.co.il\\\/es\\\/about-tavlit\\\/\",\"name\":\"Acerca de Tavlit - Tavlit\",\"isPartOf\":{\"@id\":\"https:\\\/\\\/www.tavlit.co.il\\\/#website\"},\"primaryImageOfPage\":{\"@id\":\"https:\\\/\\\/www.tavlit.co.il\\\/es\\\/about-tavlit\\\/#primaryimage\"},\"image\":{\"@id\":\"https:\\\/\\\/www.tavlit.co.il\\\/es\\\/about-tavlit\\\/#primaryimage\"},\"thumbnailUrl\":\"https:\\\/\\\/www.tavlit.co.il\\\/wp-content\\\/uploads\\\/2022\\\/09\\\/about.jpg\",\"datePublished\":\"2022-07-22T03:27:22+00:00\",\"dateModified\":\"2024-01-08T09:35:28+00:00\",\"breadcrumb\":{\"@id\":\"https:\\\/\\\/www.tavlit.co.il\\\/es\\\/about-tavlit\\\/#breadcrumb\"},\"inLanguage\":\"es\",\"potentialAction\":[{\"@type\":\"ReadAction\",\"target\":[\"https:\\\/\\\/www.tavlit.co.il\\\/es\\\/about-tavlit\\\/\"]}]},{\"@type\":\"ImageObject\",\"inLanguage\":\"es\",\"@id\":\"https:\\\/\\\/www.tavlit.co.il\\\/es\\\/about-tavlit\\\/#primaryimage\",\"url\":\"https:\\\/\\\/www.tavlit.co.il\\\/wp-content\\\/uploads\\\/2022\\\/09\\\/about.jpg\",\"contentUrl\":\"https:\\\/\\\/www.tavlit.co.il\\\/wp-content\\\/uploads\\\/2022\\\/09\\\/about.jpg\",\"width\":970,\"height\":318},{\"@type\":\"BreadcrumbList\",\"@id\":\"https:\\\/\\\/www.tavlit.co.il\\\/es\\\/about-tavlit\\\/#breadcrumb\",\"itemListElement\":[{\"@type\":\"ListItem\",\"position\":1,\"name\":\"Home\",\"item\":\"https:\\\/\\\/www.tavlit.co.il\\\/es\\\/\"},{\"@type\":\"ListItem\",\"position\":2,\"name\":\"Acerca de Tavlit\"}]},{\"@type\":\"WebSite\",\"@id\":\"https:\\\/\\\/www.tavlit.co.il\\\/#website\",\"url\":\"https:\\\/\\\/www.tavlit.co.il\\\/\",\"name\":\"Tavlit\",\"description\":\"Just another WordPress site\",\"publisher\":{\"@id\":\"https:\\\/\\\/www.tavlit.co.il\\\/#organization\"},\"potentialAction\":[{\"@type\":\"SearchAction\",\"target\":{\"@type\":\"EntryPoint\",\"urlTemplate\":\"https:\\\/\\\/www.tavlit.co.il\\\/?s={search_term_string}\"},\"query-input\":{\"@type\":\"PropertyValueSpecification\",\"valueRequired\":true,\"valueName\":\"search_term_string\"}}],\"inLanguage\":\"es\"},{\"@type\":\"Organization\",\"@id\":\"https:\\\/\\\/www.tavlit.co.il\\\/#organization\",\"name\":\"Plas-Fit\",\"url\":\"https:\\\/\\\/www.tavlit.co.il\\\/\",\"logo\":{\"@type\":\"ImageObject\",\"inLanguage\":\"es\",\"@id\":\"https:\\\/\\\/www.tavlit.co.il\\\/#\\\/schema\\\/logo\\\/image\\\/\",\"url\":\"\",\"contentUrl\":\"\",\"caption\":\"Plas-Fit\"},\"image\":{\"@id\":\"https:\\\/\\\/www.tavlit.co.il\\\/#\\\/schema\\\/logo\\\/image\\\/\"},\"sameAs\":[\"https:\\\/\\\/www.facebook.com\\\/PlasfitLtd\\\/\",\"https:\\\/\\\/www.instagram.com\\\/plas_fit\\\/\",\"https:\\\/\\\/www.youtube.com\\\/channel\\\/UCOzEylF5mvQkYZj6yqSZK_A?view_as=subscriber\",\"https:\\\/\\\/www.linkedin.com\\\/company\\\/plas-fit\\\/\"]}]}<\/script>\n<!-- \/ Yoast SEO plugin. -->","yoast_head_json":{"title":"Acerca de Tavlit - Tavlit","robots":{"index":"index","follow":"follow","max-snippet":"max-snippet:-1","max-image-preview":"max-image-preview:large","max-video-preview":"max-video-preview:-1"},"canonical":"https:\/\/www.tavlit.co.il\/es\/about-tavlit\/","og_locale":"es_ES","og_type":"article","og_title":"Acerca de Tavlit - Tavlit","og_description":"Plas \u2013 Fit es una compa\u00f1\u00eda que siempre piensa con originalidad, ama los desaf\u00edos, es modesta y determinada, con una profunda historia y amplio conocimiento de pl\u00e1sticos. La historia de Plassim Fittings se remonta a 1960 en el Kibutz Merhavia, donde se fund\u00f3 la compa\u00f1\u00eda que produc\u00eda tuber\u00eda para agricultura y que poco a poco...","og_url":"https:\/\/www.tavlit.co.il\/es\/about-tavlit\/","og_site_name":"Tavlit","article_publisher":"https:\/\/www.facebook.com\/PlasfitLtd\/","article_modified_time":"2024-01-08T09:35:28+00:00","og_image":[{"width":970,"height":318,"url":"https:\/\/www.tavlit.co.il\/wp-content\/uploads\/2022\/09\/about.jpg","type":"image\/jpeg"}],"twitter_card":"summary_large_image","twitter_misc":{"Tiempo de lectura":"3 minutos"},"schema":{"@context":"https:\/\/schema.org","@graph":[{"@type":"WebPage","@id":"https:\/\/www.tavlit.co.il\/es\/about-tavlit\/","url":"https:\/\/www.tavlit.co.il\/es\/about-tavlit\/","name":"Acerca de Tavlit - Tavlit","isPartOf":{"@id":"https:\/\/www.tavlit.co.il\/#website"},"primaryImageOfPage":{"@id":"https:\/\/www.tavlit.co.il\/es\/about-tavlit\/#primaryimage"},"image":{"@id":"https:\/\/www.tavlit.co.il\/es\/about-tavlit\/#primaryimage"},"thumbnailUrl":"https:\/\/www.tavlit.co.il\/wp-content\/uploads\/2022\/09\/about.jpg","datePublished":"2022-07-22T03:27:22+00:00","dateModified":"2024-01-08T09:35:28+00:00","breadcrumb":{"@id":"https:\/\/www.tavlit.co.il\/es\/about-tavlit\/#breadcrumb"},"inLanguage":"es","potentialAction":[{"@type":"ReadAction","target":["https:\/\/www.tavlit.co.il\/es\/about-tavlit\/"]}]},{"@type":"ImageObject","inLanguage":"es","@id":"https:\/\/www.tavlit.co.il\/es\/about-tavlit\/#primaryimage","url":"https:\/\/www.tavlit.co.il\/wp-content\/uploads\/2022\/09\/about.jpg","contentUrl":"https:\/\/www.tavlit.co.il\/wp-content\/uploads\/2022\/09\/about.jpg","width":970,"height":318},{"@type":"BreadcrumbList","@id":"https:\/\/www.tavlit.co.il\/es\/about-tavlit\/#breadcrumb","itemListElement":[{"@type":"ListItem","position":1,"name":"Home","item":"https:\/\/www.tavlit.co.il\/es\/"},{"@type":"ListItem","position":2,"name":"Acerca de Tavlit"}]},{"@type":"WebSite","@id":"https:\/\/www.tavlit.co.il\/#website","url":"https:\/\/www.tavlit.co.il\/","name":"Tavlit","description":"Just another WordPress site","publisher":{"@id":"https:\/\/www.tavlit.co.il\/#organization"},"potentialAction":[{"@type":"SearchAction","target":{"@type":"EntryPoint","urlTemplate":"https:\/\/www.tavlit.co.il\/?s={search_term_string}"},"query-input":{"@type":"PropertyValueSpecification","valueRequired":true,"valueName":"search_term_string"}}],"inLanguage":"es"},{"@type":"Organization","@id":"https:\/\/www.tavlit.co.il\/#organization","name":"Plas-Fit","url":"https:\/\/www.tavlit.co.il\/","logo":{"@type":"ImageObject","inLanguage":"es","@id":"https:\/\/www.tavlit.co.il\/#\/schema\/logo\/image\/","url":"","contentUrl":"","caption":"Plas-Fit"},"image":{"@id":"https:\/\/www.tavlit.co.il\/#\/schema\/logo\/image\/"},"sameAs":["https:\/\/www.facebook.com\/PlasfitLtd\/","https:\/\/www.instagram.com\/plas_fit\/","https:\/\/www.youtube.com\/channel\/UCOzEylF5mvQkYZj6yqSZK_A?view_as=subscriber","https:\/\/www.linkedin.com\/company\/plas-fit\/"]}]}},"_links":{"self":[{"href":"https:\/\/www.tavlit.co.il\/es\/wp-json\/wp\/v2\/pages\/9762","targetHints":{"allow":["GET"]}}],"collection":[{"href":"https:\/\/www.tavlit.co.il\/es\/wp-json\/wp\/v2\/pages"}],"about":[{"href":"https:\/\/www.tavlit.co.il\/es\/wp-json\/wp\/v2\/types\/page"}],"author":[{"embeddable":true,"href":"https:\/\/www.tavlit.co.il\/es\/wp-json\/wp\/v2\/users\/3"}],"replies":[{"embeddable":true,"href":"https:\/\/www.tavlit.co.il\/es\/wp-json\/wp\/v2\/comments?post=9762"}],"version-history":[{"count":4,"href":"https:\/\/www.tavlit.co.il\/es\/wp-json\/wp\/v2\/pages\/9762\/revisions"}],"predecessor-version":[{"id":11692,"href":"https:\/\/www.tavlit.co.il\/es\/wp-json\/wp\/v2\/pages\/9762\/revisions\/11692"}],"wp:featuredmedia":[{"embeddable":true,"href":"https:\/\/www.tavlit.co.il\/es\/wp-json\/wp\/v2\/media\/6357"}],"wp:attachment":[{"href":"https:\/\/www.tavlit.co.il\/es\/wp-json\/wp\/v2\/media?parent=9762"}],"wp:term":[{"taxonomy":"category","embeddable":true,"href":"https:\/\/www.tavlit.co.il\/es\/wp-json\/wp\/v2\/categories?post=9762"},{"taxonomy":"post_tag","embeddable":true,"href":"https:\/\/www.tavlit.co.il\/es\/wp-json\/wp\/v2\/tags?post=9762"}],"curies":[{"name":"wp","href":"https:\/\/api.w.org\/{rel}","templated":true}]}}